{"id":214,"date":"2023-06-06T11:36:46","date_gmt":"2023-06-06T09:36:46","guid":{"rendered":"https:\/\/ilotmayotte.fr\/?post_type=product&#038;p=214"},"modified":"2023-06-06T11:42:13","modified_gmt":"2023-06-06T09:42:13","slug":"hp-deskjet-plus-4120","status":"publish","type":"product","link":"https:\/\/ilotmayotte.fr\/?product=hp-deskjet-plus-4120","title":{"rendered":"HP Deskjet plus 4120"},"content":{"rendered":"","protected":false},"excerpt":{"rendered":"<p>Impression. Photocopie. Scanner. T\u00e9l\u00e9copie mobile. Vitesse d\u2019impression 8,5\/5,5 ppm (noir et blanc\/couleur)<\/p>\n<p>Compos\u00e9e \u00e0 plus de 20 % de plastique recycl\u00e9 Bac d\u2019alimentation automatique jusqu\u2019\u00e0 35 pages<\/p>\n<p>Bac d\u2019alimentation de 60 feuilles<\/p>\n<p>Compatible avec HP Instant Ink Connectivit\u00e9 Wi-Fi double bande fiable avec r\u00e9initialisation<\/p>\n<p>automatique + Bluetooth\u00ae 4.2 Sans fil et compatibilit\u00e9 avec l\u2019application HP Smart<\/p>\n","protected":false},"featured_media":180,"template":"","meta":{"site-sidebar-layout":"default","site-content-layout":"default","ast-site-content-layout":"","site-content-style":"default","site-sidebar-style":"default","ast-global-header-display":"","ast-banner-title-visibility":"","ast-main-header-display":"","ast-hfb-above-header-display":"","ast-hfb-below-header-display":"","ast-hfb-mobile-header-display":"","site-post-title":"","ast-breadcrumbs-content":"","ast-featured-img":"","footer-sml-layout":"","theme-transparent-header-meta":"default","adv-header-id-meta":"","stick-header-meta":"","header-above-stick-meta":"","header-main-stick-meta":"","header-below-stick-meta":"","astra-migrate-meta-layouts":""},"product_cat":[43,40],"product_tag":[],"class_list":{"0":"post-214","1":"product","2":"type-product","3":"status-publish","4":"has-post-thumbnail","6":"product_cat-hp-imprimante","7":"product_cat-imprimante","8":"desktop-align-left","9":"tablet-align-left","10":"mobile-align-left","12":"first","13":"instock","14":"taxable","15":"shipping-taxable","16":"purchasable","17":"product-type-simple"},"_links":{"self":[{"href":"https:\/\/ilotmayotte.fr\/index.php?rest_route=\/wp\/v2\/product\/214","targetHints":{"allow":["GET"]}}],"collection":[{"href":"https:\/\/ilotmayotte.fr\/index.php?rest_route=\/wp\/v2\/product"}],"about":[{"href":"https:\/\/ilotmayotte.fr\/index.php?rest_route=\/wp\/v2\/types\/product"}],"wp:featuredmedia":[{"embeddable":true,"href":"https:\/\/ilotmayotte.fr\/index.php?rest_route=\/wp\/v2\/media\/180"}],"wp:attachment":[{"href":"https:\/\/ilotmayotte.fr\/index.php?rest_route=%2Fwp%2Fv2%2Fmedia&parent=214"}],"wp:term":[{"taxonomy":"product_cat","embeddable":true,"href":"https:\/\/ilotmayotte.fr\/index.php?rest_route=%2Fwp%2Fv2%2Fproduct_cat&post=214"},{"taxonomy":"product_tag","embeddable":true,"href":"https:\/\/ilotmayotte.fr\/index.php?rest_route=%2Fwp%2Fv2%2Fproduct_tag&post=214"}],"curies":[{"name":"wp","href":"https:\/\/api.w.org\/{rel}","templated":true}]}}