{"id":213,"date":"2023-06-06T11:33:46","date_gmt":"2023-06-06T09:33:46","guid":{"rendered":"https:\/\/ilotmayotte.fr\/?post_type=product&#038;p=213"},"modified":"2023-06-06T11:33:46","modified_gmt":"2023-06-06T09:33:46","slug":"hp-officejet-pro-9013","status":"publish","type":"product","link":"https:\/\/ilotmayotte.fr\/?product=hp-officejet-pro-9013","title":{"rendered":"HP Officejet Pro 9013"},"content":{"rendered":"","protected":false},"excerpt":{"rendered":"<p>Une imprimante intelligente r\u00e9volutionnaire qui fonctionne comme vous le souhaitez. Gagnez du temps avec les raccourcis Smart Tasks. B\u00e9n\u00e9ficiez d\u2019une num\u00e9risation et impression recto-verso automatiques, de connexions sans faille, et de la meilleure s\u00e9curit\u00e9 de sa cat\u00e9gorie. Imprimez et num\u00e9risez depuis votre t\u00e9l\u00e9phone.<\/p>\n<p>Impression, copie, scan, fax Jusqu\u2019\u00e0 22 ppm (noir), jusqu\u2019\u00e0 18 ppm (couleur) Cr\u00e9ez des documents modifiables et interrogeables avec les raccourcis Smart Tasks<\/p>\n<p>Bac d\u2019entr\u00e9e de 250 feuilles, bac de sortie de 60 feuilles Chargeur automatique de documents recto-verso<\/p>\n","protected":false},"featured_media":186,"template":"","meta":{"site-sidebar-layout":"default","site-content-layout":"default","ast-site-content-layout":"","site-content-style":"default","site-sidebar-style":"default","ast-global-header-display":"","ast-banner-title-visibility":"","ast-main-header-display":"","ast-hfb-above-header-display":"","ast-hfb-below-header-display":"","ast-hfb-mobile-header-display":"","site-post-title":"","ast-breadcrumbs-content":"","ast-featured-img":"","footer-sml-layout":"","theme-transparent-header-meta":"default","adv-header-id-meta":"","stick-header-meta":"","header-above-stick-meta":"","header-main-stick-meta":"","header-below-stick-meta":"","astra-migrate-meta-layouts":""},"product_cat":[43,40],"product_tag":[],"class_list":{"0":"post-213","1":"product","2":"type-product","3":"status-publish","4":"has-post-thumbnail","6":"product_cat-hp-imprimante","7":"product_cat-imprimante","8":"desktop-align-left","9":"tablet-align-left","10":"mobile-align-left","12":"first","13":"instock","14":"taxable","15":"shipping-taxable","16":"purchasable","17":"product-type-simple"},"_links":{"self":[{"href":"https:\/\/ilotmayotte.fr\/index.php?rest_route=\/wp\/v2\/product\/213","targetHints":{"allow":["GET"]}}],"collection":[{"href":"https:\/\/ilotmayotte.fr\/index.php?rest_route=\/wp\/v2\/product"}],"about":[{"href":"https:\/\/ilotmayotte.fr\/index.php?rest_route=\/wp\/v2\/types\/product"}],"wp:featuredmedia":[{"embeddable":true,"href":"https:\/\/ilotmayotte.fr\/index.php?rest_route=\/wp\/v2\/media\/186"}],"wp:attachment":[{"href":"https:\/\/ilotmayotte.fr\/index.php?rest_route=%2Fwp%2Fv2%2Fmedia&parent=213"}],"wp:term":[{"taxonomy":"product_cat","embeddable":true,"href":"https:\/\/ilotmayotte.fr\/index.php?rest_route=%2Fwp%2Fv2%2Fproduct_cat&post=213"},{"taxonomy":"product_tag","embeddable":true,"href":"https:\/\/ilotmayotte.fr\/index.php?rest_route=%2Fwp%2Fv2%2Fproduct_tag&post=213"}],"curies":[{"name":"wp","href":"https:\/\/api.w.org\/{rel}","templated":true}]}}